{"id":411,"date":"2011-08-29T18:33:52","date_gmt":"2011-08-29T16:33:52","guid":{"rendered":"http:\/\/www.happyparents.com\/blog\/?page_id=411"},"modified":"2015-06-11T10:37:06","modified_gmt":"2015-06-11T08:37:06","slug":"pour-aller-plus-loin-2","status":"publish","type":"page","link":"https:\/\/www.happyparents.com\/blog\/pour-aller-plus-loin-2","title":{"rendered":"Devenir formateur\/rice agr\u00e9\u00e9(e)"},"content":{"rendered":"<p>Vous \u00eates int\u00e9ress\u00e9(e) pour d\u00e9velopper votre propre activit\u00e9 en devenant labellis\u00e9(e) HAPPYPARENTS.<\/p>\n<p>Nous avons un ensemble de modules de formation couvrant \u00e0 la fois le soutien scolaire, mais aussi le coaching scolaire et familial, et la mise en place et l&#8217;animation d&#8217;ateliers pour enfants, adultes et parents, ce qui vous permet d&#8217;apporter une prestation globale aux familles. Cependant ces modules sont propos\u00e9s s\u00e9par\u00e9ment, ce qui offre la possibilit\u00e9 d&#8217;une mise en place progressive et adapt\u00e9e.<\/p>\n<p>Par ailleurs, si vous disposez d\u00e9j\u00e0 d&#8217;une pratique (ex: th\u00e9rapeute, coach), et souhaitez la compl\u00e9ter par des modules sp\u00e9cifiques orient\u00e9s sur l&#8217;accompagnement de la famille, vous allez pouvoir choisir juste ce qu&#8217;il vous faut.<\/p>\n<p>Pour en savoir plus sur les <a title=\"Formation de formateurs HAPPYPARENTS\" href=\"http:\/\/www.happyparents.com\/formateurs\/accueil\" target=\"_blank\">formations de formateur HAPPYPARENTS<\/a> cliquez sur le lien.<\/p>\n<div class=\"tweetthis\" style=\"text-align:left;\"><p> <a target=\"_blank\" rel=\"nofollow\" class=\"tt\" href=\"http:\/\/twitter.com\/intent\/tweet?text=Devenir+formateur%2Frice+agr%C3%A9%C3%A9%28e%29+http%3A%2F%2Fhappyparents.com%2Fblog%2F%3Fp%3D411\" title=\"Post&amp;eacute; sur TWITTER\"><img decoding=\"async\" class=\"nothumb\" src=\"https:\/\/www.happyparents.com\/blog\/wp-content\/plugins\/tweet-this\/icons\/en\/twitter\/tt-twitter.png\" alt=\"Post to Twitter\" \/><\/a> <a target=\"_blank\" rel=\"nofollow\" class=\"tt\" href=\"http:\/\/twitter.com\/intent\/tweet?text=Devenir+formateur%2Frice+agr%C3%A9%C3%A9%28e%29+http%3A%2F%2Fhappyparents.com%2Fblog%2F%3Fp%3D411\" title=\"Post&amp;eacute; sur TWITTER\">Tweet ce message<\/a><\/p><\/div><div id=\"wp_fb_like_button\" style=\"margin:5px 0;float:none;height:100px;\"><script src=\"http:\/\/connect.facebook.net\/en_US\/all.js#xfbml=1\"><\/script><fb:like href=\"https:\/\/www.happyparents.com\/blog\/pour-aller-plus-loin-2\" send=\"false\" layout=\"standard\" width=\"450\" show_faces=\"true\" font=\"arial\" action=\"like\" colorscheme=\"light\"><\/fb:like><\/div>","protected":false},"excerpt":{"rendered":"<p>Vous \u00eates int\u00e9ress\u00e9(e) pour d\u00e9velopper votre propre activit\u00e9 en devenant labellis\u00e9(e) HAPPYPARENTS. Nous avons un ensemble de modules de formation couvrant \u00e0 la fois le soutien scolaire, mais aussi le coaching scolaire et familial, et la mise en place et l&#8217;animation d&#8217;ateliers pour enfants, adultes et parents, ce qui vous permet d&#8217;apporter une prestation globale [&hellip;]<\/p>\n","protected":false},"author":1,"featured_media":0,"parent":0,"menu_order":0,"comment_status":"open","ping_status":"open","template":"","meta":{"footnotes":""},"class_list":["post-411","page","type-page","status-publish","hentry"],"_links":{"self":[{"href":"https:\/\/www.happyparents.com\/blog\/wp-json\/wp\/v2\/pages\/411"}],"collection":[{"href":"https:\/\/www.happyparents.com\/blog\/wp-json\/wp\/v2\/pages"}],"about":[{"href":"https:\/\/www.happyparents.com\/blog\/wp-json\/wp\/v2\/types\/page"}],"author":[{"embeddable":true,"href":"https:\/\/www.happyparents.com\/blog\/wp-json\/wp\/v2\/users\/1"}],"replies":[{"embeddable":true,"href":"https:\/\/www.happyparents.com\/blog\/wp-json\/wp\/v2\/comments?post=411"}],"version-history":[{"count":5,"href":"https:\/\/www.happyparents.com\/blog\/wp-json\/wp\/v2\/pages\/411\/revisions"}],"predecessor-version":[{"id":1430,"href":"https:\/\/www.happyparents.com\/blog\/wp-json\/wp\/v2\/pages\/411\/revisions\/1430"}],"wp:attachment":[{"href":"https:\/\/www.happyparents.com\/blog\/wp-json\/wp\/v2\/media?parent=411"}],"curies":[{"name":"wp","href":"https:\/\/api.w.org\/{rel}","templated":true}]}}