{"id":409,"date":"2011-08-29T18:31:11","date_gmt":"2011-08-29T16:31:11","guid":{"rendered":"http:\/\/www.happyparents.com\/blog\/?page_id=409"},"modified":"2015-06-11T10:35:20","modified_gmt":"2015-06-11T08:35:20","slug":"developpez-lharmonie-familiale","status":"publish","type":"page","link":"https:\/\/www.happyparents.com\/blog\/developpez-lharmonie-familiale","title":{"rendered":"D\u00e9veloppez l&#8217;harmonie familiale"},"content":{"rendered":"<ul>\n<li><span style=\"color: #ff0000;\">En participant \u00e0 des ateliers &#8220;Du Stress au Bien Etre&#8221; et &#8220;Monde de la relation&#8221;<\/span><\/li>\n<\/ul>\n<p>Ces ateliers permettent \u00e0 la fois de reprendre pied, confiance en soi, d\u00e9velopper son \u00e9nergie et sa gaiet\u00e9, et parall\u00e8lement de mieux g\u00e9rer ses relations (famille, travail , amis).<\/p>\n<p>Ils sont un appui important pour le d\u00e9veloppement de son \u00e9quilibre au sein de la famille. Ils peuvent s\u2019effectuer \u00e0 distance.<\/p>\n<p>Pour en savoir plus :<\/p>\n<p>&#8211; <a href=\"http:\/\/www.happyparents.com\/parents\/atelier-du-stress-au-bien-etre\" target=\"_blank\">atelier du &#8220;Stress au Bien-Etre<\/a>&#8221; pour les adultes \u00a0et\u00a0<a href=\"http:\/\/www.happyparents.com\/parents\/atelier-du-stress-au-bien-etre\" target=\"_blank\">atelier du &#8220;Stress au Bien-Etre<\/a>&#8221; pour les enfants et adolescents<\/p>\n<p>&#8211; <a href=\"http:\/\/www.happyparents.com\/adolescents\/monde-de-la-relation\" target=\"_blank\">atelier &#8220;Monde de la Relation&#8221;<\/a>\u00a0pour les adultes et <a href=\"http:\/\/www.happyparents.com\/adolescents\/monde-de-la-relation\" target=\"_blank\">\u00a0atelier &#8220;Monde de la Relation&#8221;<\/a>\u00a0pour les enfants et adolescents<\/p>\n<ul>\n<li><span style=\"color: #ff0000;\">En suivant notre programmes sur la Parentalit\u00e9<\/span><\/li>\n<\/ul>\n<p>Notre programmes\u00a0Parents-Cosncients Parents-Coachs est une <a href=\"http:\/\/www.happyparents.com\/parents\/parents-concients_parents-coachs\" target=\"_blank\">&#8220;formation&#8221; \u00e0 la Parentalit\u00e9<\/a>\u00a0qui vous accompagne durant 19 semaines en s&#8217;appuyant sur ce que vous vivez tous les jours en tant que parents. Nous en avons fait une extrait pour tout ce qui tourne autour de la <a href=\"http:\/\/www.happyparents.com\/parents\/temps-des-devoirs-paisibles\" target=\"_blank\">gestion des devoirs<\/a>\u00a0(programme &#8220;Temps des devoirs paisibles&#8221;).<\/p>\n<ul>\n<li><span style=\"color: #ff0000;\">En apprenant \u00e0 g\u00e9rer les conflits<\/span><\/li>\n<\/ul>\n<p>Nous avons d\u00e9velopper une m\u00e9thode particuli\u00e8rement efficace et rapide pour g\u00e9rer les conflits notamment en famille.<\/p>\n<p>Vous pouvez, soit participer \u00e0 une gestion des conflits avec d&#8217;autres membres de votre famille, soit vous former \u00e0 ces techniques <a title=\"Formation parents\" href=\"http:\/\/www.happyparents.com\/formation-parents.htm\" target=\"_blank\">(<\/a><a href=\"http:\/\/www.happyparents.com\/formateurs\/accueil\" target=\"_blank\">formation de formateurs)<\/a>.<\/p>\n<p>Pour en savoir plus sur notre module<a href=\"http:\/\/www.happyparents.com\/parents\/gestion-des-conflits\" target=\"_blank\"> gestion des conflits<\/a> cliquez sur le lien.<\/p>\n<ul>\n<li><span style=\"color: #ff0000;\">En suivant des sessions personnalis\u00e9es de coaching familial<\/span><\/li>\n<\/ul>\n<p>Apr\u00e8s un diagnostic (qui peut s&#8217;effectuer \u00e0 distance), nous vous proposons la d\u00e9marche la plus adapt\u00e9e qui peut combiner des s\u00e9ances individualis\u00e9es de coaching pour certains membres de la famille, la participation \u00e0 des ateliers collectifs pour d&#8217;autres, la mise en place de sessions gestion des conflits,..etc.<\/p>\n<p>Notre strat\u00e9gie est orient\u00e9e efficacit\u00e9 et souplesse.<\/p>\n<p>Pour en savoir plus sur le <a title=\"coaching parental\" href=\"http:\/\/www.happyparents.com\/parents\/coaching-parental\" target=\"_blank\">coaching parental<\/a>, cliquez sur le lien.<\/p>\n<ul>\n<li><span style=\"color: #ff0000;\">En participant \u00e0 l&#8217;universit\u00e9 HAPPYPARENTS <\/span><\/li>\n<\/ul>\n<p>L&#8217;universit\u00e9 HAPPYPARENTS comprend des modules orient\u00e9s soutien et coaching scolaire, mais aussi des modules orient\u00e9s d\u00e9veloppement de l&#8217;harmonie familiale.<\/p>\n<p>En vous inscrivant, vous avez acc\u00e8s \u00e0 des ressources gratuites associ\u00e9es au th\u00e8me de la parentalit\u00e9 (e-book, vid\u00e9os,&#8230;).<\/p>\n<p>Pour en savoir plus sur<a href=\"http:\/\/www.happyparents.com\/parents\" target=\"_blank\"> l&#8217;universit\u00e9 HAPPYPARENTS<\/a> , cliquez sur le lien<\/p>\n<div class=\"tweetthis\" style=\"text-align:left;\"><p> <a target=\"_blank\" rel=\"nofollow\" class=\"tt\" href=\"http:\/\/twitter.com\/intent\/tweet?text=D%C3%A9veloppez+l%E2%80%99harmonie+familiale+http%3A%2F%2Fhappyparents.com%2Fblog%2F%3Fp%3D409\" title=\"Post&amp;eacute; sur TWITTER\"><img decoding=\"async\" class=\"nothumb\" src=\"https:\/\/www.happyparents.com\/blog\/wp-content\/plugins\/tweet-this\/icons\/en\/twitter\/tt-twitter.png\" alt=\"Post to Twitter\" \/><\/a> <a target=\"_blank\" rel=\"nofollow\" class=\"tt\" href=\"http:\/\/twitter.com\/intent\/tweet?text=D%C3%A9veloppez+l%E2%80%99harmonie+familiale+http%3A%2F%2Fhappyparents.com%2Fblog%2F%3Fp%3D409\" title=\"Post&amp;eacute; sur TWITTER\">Tweet ce message<\/a><\/p><\/div><div id=\"wp_fb_like_button\" style=\"margin:5px 0;float:none;height:100px;\"><script src=\"http:\/\/connect.facebook.net\/en_US\/all.js#xfbml=1\"><\/script><fb:like href=\"https:\/\/www.happyparents.com\/blog\/developpez-lharmonie-familiale\" send=\"false\" layout=\"standard\" width=\"450\" show_faces=\"true\" font=\"arial\" action=\"like\" colorscheme=\"light\"><\/fb:like><\/div>","protected":false},"excerpt":{"rendered":"<p>En participant \u00e0 des ateliers &#8220;Du Stress au Bien Etre&#8221; et &#8220;Monde de la relation&#8221; Ces ateliers permettent \u00e0 la fois de reprendre pied, confiance en soi, d\u00e9velopper son \u00e9nergie et sa gaiet\u00e9, et parall\u00e8lement de mieux g\u00e9rer ses relations (famille, travail , amis). Ils sont un appui important pour le d\u00e9veloppement de son \u00e9quilibre [&hellip;]<\/p>\n","protected":false},"author":1,"featured_media":0,"parent":0,"menu_order":0,"comment_status":"open","ping_status":"open","template":"","meta":{"footnotes":""},"class_list":["post-409","page","type-page","status-publish","hentry"],"_links":{"self":[{"href":"https:\/\/www.happyparents.com\/blog\/wp-json\/wp\/v2\/pages\/409"}],"collection":[{"href":"https:\/\/www.happyparents.com\/blog\/wp-json\/wp\/v2\/pages"}],"about":[{"href":"https:\/\/www.happyparents.com\/blog\/wp-json\/wp\/v2\/types\/page"}],"author":[{"embeddable":true,"href":"https:\/\/www.happyparents.com\/blog\/wp-json\/wp\/v2\/users\/1"}],"replies":[{"embeddable":true,"href":"https:\/\/www.happyparents.com\/blog\/wp-json\/wp\/v2\/comments?post=409"}],"version-history":[{"count":5,"href":"https:\/\/www.happyparents.com\/blog\/wp-json\/wp\/v2\/pages\/409\/revisions"}],"predecessor-version":[{"id":1429,"href":"https:\/\/www.happyparents.com\/blog\/wp-json\/wp\/v2\/pages\/409\/revisions\/1429"}],"wp:attachment":[{"href":"https:\/\/www.happyparents.com\/blog\/wp-json\/wp\/v2\/media?parent=409"}],"curies":[{"name":"wp","href":"https:\/\/api.w.org\/{rel}","templated":true}]}}