{"id":405,"date":"2011-08-29T18:25:20","date_gmt":"2011-08-29T16:25:20","guid":{"rendered":"http:\/\/www.happyparents.com\/blog\/?page_id=405"},"modified":"2015-06-11T10:16:12","modified_gmt":"2015-06-11T08:16:12","slug":"devenir-parent-coach","status":"publish","type":"page","link":"https:\/\/www.happyparents.com\/blog\/devenir-parent-coach","title":{"rendered":"Aidez votre enfant"},"content":{"rendered":"<ul>\n<li><span style=\"color: #ff0000;\">En ayant recours \u00e0 nos m\u00e9thodes d&#8217;apprentissage de base<\/span><\/li>\n<\/ul>\n<p>Nous \u00e9ditons des m\u00e9thodes innovantes \u00e0 destination des familles afin d&#8217;aider les enfants dans leurs apprentissages de base et notamment :<\/p>\n<p>&#8211; une m\u00e9thode pour apprendre <a title=\"Apprendre les tables de multiplication\" href=\"http:\/\/www.happyparents.com\/enfants\/secret-des-tables-de-multiplication\" target=\"_blank\">les tables de multiplication <\/a>(m\u00e9thode, jeu de cartes, jeu vid\u00e9o en ligne)<br \/>\n&#8211; une m\u00e9thode pour<a href=\"http:\/\/www.happyparents.com\/enfants\/le-secret-de-la-conjugaison\" target=\"_blank\"> apprendre les conjugaisons<\/a><br \/>\n&#8211; une m\u00e9thode pour <a title=\"Apprendre \u0155 lire l'heure\" href=\"http:\/\/www.happyparents.com\/enfants\/lire-l-heure\" target=\"_blank\">apprendre \u00e0 lire l&#8217;heure<br \/>\n<\/a><br \/>\nUn kit des <a title=\"apprentissages de base\" href=\"http:\/\/www.happyparents.com\/methodes-apprentissage-de-base\" target=\"_blank\">apprentissages de base <\/a>regroupe les 3 m\u00e9thodes.<br \/>\nEn suivant ce lien vous trouverez des exemples d&#8217;accompagnement si votre <a title=\"enfant dyslexique\" href=\"http:\/\/www.happyparents.com\/enfants\/dyslexie-dyscalculie\" target=\"_blank\">enfant est dyslexique<\/a><\/p>\n<p>Nous avons \u00e9galement d\u00e9velopp\u00e9 un module <a title=\"Apprendre \u0155 apprendre\" href=\"http:\/\/www.happyparents.com\/adolescents\/apprendre-apprendre\" target=\"_blank\">Apprendre \u00e0 Apprendre<\/a> tr\u00e8s important pour les \u00e9l\u00e8ves de\u00a06i\u00e8me \u00e0 Terminale.<\/p>\n<ul>\n<li><span style=\"color: #ff0000;\">En faisant appel \u00e0 nos formateurs pour du soutien et coaching scolaire <\/span><span style=\"color: #ff0000;\">?<\/span><\/li>\n<\/ul>\n<p>HAPPYPARENTS forment des personnes en France et \u00e0 l&#8217;\u00e9tranger, proches des enfants, \u00e0 ses techniques p\u00e9dagogiques innovantes.<\/p>\n<p>En contactant un de nos formateurs, vous \u00eates certain de la qualit\u00e9 p\u00e9dagogique et relationnelle de ce dernier.<\/p>\n<p>Pour voir la liste des <a title=\"formateurs agr\u00e9\u00e9s HAPPYPARENTS\" href=\"http:\/\/www.happyparents.com\/formateurs\/liste-des-formateurs-agrees\" target=\"_blank\">formateurs agr\u00e9\u00e9s happyparents<\/a> .<\/p>\n<ul>\n<li><span style=\"color: #ff0000;\">En participant (votre enfant, et vous-m\u0119me \u00e9ventuellement) \u00e0 des ateliers happyparents ou \u00e0 des s\u00e9ances de coaching familial<\/span><\/li>\n<\/ul>\n<p>Les ateliers sont un bon moyen pour votre enfant de d\u00e9velopper ses intelligences \u00e9motionnelle et relationnelle.<\/p>\n<p>Nous avons mis au point diff\u00e9rents ateliers, adapt\u00e9s aux \u00e2ges et \u00e0 ce qui peut int\u00e9resser l&#8217;enfant, qui lui permettent de se d\u00e9velopper \u00e0 la fois en tant que personne, mais aussi dans le cadre de ses relations \u00e0 l&#8217;\u00e9cole , avec ses amis et en famille.<\/p>\n<p>Des ateliers sont aussi \u00e0 destination des parents. Ces ateliers sont \u00e9galement diffus\u00e9s par certains de nos formateurs, de m\u00eame que l&#8217;approche coaching enfants\/famille.<\/p>\n<p>Pour en savoir plus sur nos <a title=\"ateliers et coaching familial\" href=\"http:\/\/www.happyparents.com\/parents\" target=\"_blank\">ateliers et le coaching parental<\/a><span style=\"color: #ff0000;\"><br \/>\n<\/span><\/p>\n<ul>\n<ul>\n<li><span style=\"color: #ff0000;\">En rentrant dans l&#8217;Universit\u00e9 HAPPYPARENTS et en vous formant<\/span><\/li>\n<\/ul>\n<\/ul>\n<p>Vous pouvez vous impliquer dans le d\u00e9veloppement de votre enfant en utilisant les outils HAPPYPARENTS.<\/p>\n<p>De l&#8217;acc\u00e8s \u00e0 des ressources gratuites sur la parentalit\u00e9, jusqu&#8217;\u00e0 des modules de formation p\u00e9dagogiques vous permettant d&#8217;accompagner votre enfant dans ses devoirs et son d\u00e9veloppement personnel, l&#8217;Universit\u00e9 HAPPYARENTS vous offre une large gamme de possibilit\u00e9s.<\/p>\n<p>Pour en savoir plus sur <a title=\"Universit\u00e9 HAPPYPARENTS\" href=\"http:\/\/www.happyparents.com\/parents\" target=\"_blank\">l&#8217;Universit\u00e9 HAPPYPARENTS<\/a><\/p>\n<div class=\"tweetthis\" style=\"text-align:left;\"><p> <a target=\"_blank\" rel=\"nofollow\" class=\"tt\" href=\"http:\/\/twitter.com\/intent\/tweet?text=Aidez+votre+enfant+http%3A%2F%2Fhappyparents.com%2Fblog%2F%3Fp%3D405\" title=\"Post&amp;eacute; sur TWITTER\"><img decoding=\"async\" class=\"nothumb\" src=\"https:\/\/www.happyparents.com\/blog\/wp-content\/plugins\/tweet-this\/icons\/en\/twitter\/tt-twitter.png\" alt=\"Post to Twitter\" \/><\/a> <a target=\"_blank\" rel=\"nofollow\" class=\"tt\" href=\"http:\/\/twitter.com\/intent\/tweet?text=Aidez+votre+enfant+http%3A%2F%2Fhappyparents.com%2Fblog%2F%3Fp%3D405\" title=\"Post&amp;eacute; sur TWITTER\">Tweet ce message<\/a><\/p><\/div><div id=\"wp_fb_like_button\" style=\"margin:5px 0;float:none;height:100px;\"><script src=\"http:\/\/connect.facebook.net\/en_US\/all.js#xfbml=1\"><\/script><fb:like href=\"https:\/\/www.happyparents.com\/blog\/devenir-parent-coach\" send=\"false\" layout=\"standard\" width=\"450\" show_faces=\"true\" font=\"arial\" action=\"like\" colorscheme=\"light\"><\/fb:like><\/div>","protected":false},"excerpt":{"rendered":"<p>En ayant recours \u00e0 nos m\u00e9thodes d&#8217;apprentissage de base Nous \u00e9ditons des m\u00e9thodes innovantes \u00e0 destination des familles afin d&#8217;aider les enfants dans leurs apprentissages de base et notamment : &#8211; une m\u00e9thode pour apprendre les tables de multiplication (m\u00e9thode, jeu de cartes, jeu vid\u00e9o en ligne) &#8211; une m\u00e9thode pour apprendre les conjugaisons &#8211; [&hellip;]<\/p>\n","protected":false},"author":1,"featured_media":0,"parent":0,"menu_order":0,"comment_status":"open","ping_status":"open","template":"","meta":{"footnotes":""},"class_list":["post-405","page","type-page","status-publish","hentry"],"_links":{"self":[{"href":"https:\/\/www.happyparents.com\/blog\/wp-json\/wp\/v2\/pages\/405"}],"collection":[{"href":"https:\/\/www.happyparents.com\/blog\/wp-json\/wp\/v2\/pages"}],"about":[{"href":"https:\/\/www.happyparents.com\/blog\/wp-json\/wp\/v2\/types\/page"}],"author":[{"embeddable":true,"href":"https:\/\/www.happyparents.com\/blog\/wp-json\/wp\/v2\/users\/1"}],"replies":[{"embeddable":true,"href":"https:\/\/www.happyparents.com\/blog\/wp-json\/wp\/v2\/comments?post=405"}],"version-history":[{"count":10,"href":"https:\/\/www.happyparents.com\/blog\/wp-json\/wp\/v2\/pages\/405\/revisions"}],"predecessor-version":[{"id":1428,"href":"https:\/\/www.happyparents.com\/blog\/wp-json\/wp\/v2\/pages\/405\/revisions\/1428"}],"wp:attachment":[{"href":"https:\/\/www.happyparents.com\/blog\/wp-json\/wp\/v2\/media?parent=405"}],"curies":[{"name":"wp","href":"https:\/\/api.w.org\/{rel}","templated":true}]}}